{"id":18171,"date":"2016-05-10T20:03:29","date_gmt":"2016-05-10T20:03:29","guid":{"rendered":"http:\/\/www.lasna24.ee\/et\/?page_id=18171"},"modified":"2016-05-19T07:37:46","modified_gmt":"2016-05-19T07:37:46","slug":"meist","status":"publish","type":"page","link":"https:\/\/www.lasna24.ee\/et\/meist\/","title":{"rendered":"Meist"},"content":{"rendered":"<p><strong>K\u00f5ik Lasnam\u00e4e kinnisvaratehingud, aitame m\u00fc\u00fca, osta, \u00fc\u00fcrida korterit v\u00f5i mis tahes \u00e4ripinda.<\/p>\n<p>Miks m\u00fc\u00fca oma kinnisvara kinnisvarab\u00fcroo kaudu?<\/strong><\/p>\n<p>Kujutage ette olukorda, kui \u00fchel maakleril on Tallinna erinevates piirkondades ja isegi \u00e4\u00e4relinnas m\u00fc\u00fcgis \u00fcle 100 objekti. See ei r\u00e4\u00e4gi sugugi tema suurest kogemusest ja p\u00e4devusest, vaid kahjuks vastupidisest. Ta tormab \u00fclepeakaela l\u00e4bi ummikute \u00fche kliendi juurest teise juurde, sealjuures mitte midagi j\u00f5udmata. Sellises olukorras inimene lihtsalt f\u00fc\u00fcsiliselt ei j\u00f5ua kvaliteetselt ja professionaalselt teenuseid osutada, j\u00e4lgida hindade d\u00fcnaamikat, vastata teie k\u00fcsimustele. See t\u00e4hendab, et ta on k\u00f5ikjal ja mitte kuskil!<\/p>\n<p><strong>Meil on t\u00e4iesti teistsugune l\u00e4henemine<\/strong><\/p>\n<ul>\n<li>T\u00f6\u00f6tame ainult Lasnam\u00e4el ja seet\u00f5ttu teame sellest k\u00f5ike!<\/li>\n<li>Omame teistest paremini \u00fclevaadet kinnisvara tegelikust hinnast ja Lasnam\u00e4e kinnisvara m\u00fc\u00fcgi t\u00e4htaegadest.<\/li>\n<li>Kiire reageering ja tegutsemine, k\u00f5ik meie maaklerid elavad ja t\u00f6\u00f6tavad Lasnam\u00e4el.<br \/>\nIgal meie maakleril on maksimaalselt 20 aktiivset objekti ja see v\u00f5imaldab tal t\u00f5husamalt teie asjadega tegeleda<br \/>\nMeile on isiklik l\u00e4henemine v\u00e4ga oluline, seet\u00f5ttu p\u00f6\u00f6rame igale kliendile palju aega ja t\u00e4helepanu.<\/li>\n<li>\u0422eeme teie kinnisvarast kvaliteetsed fotod.<\/li>\n<li>Tasuta konsultatsioon.<\/li>\n<li>Teie kinnisvara reklaamimiseks kasutame tuntud kinnisvaraportaale nagu city24.ee, kv.ee, meie kodulehte + Facebook\u00b4i ja samuti reklaamime pakkumisi Google AdWords otsingute kaudu.<\/li>\n<li>P\u00e4rast ostja leidmist aitavad meie maaklerid ka m\u00fc\u00fcgilepingu ettevalmistamisel, samuti leiavad tehingu vormistamiseks kiiresti sobiva notari aja.<\/li>\n<li>Soojust ja mugavust teie koju!<\/li>\n<\/ul>\n<p><strong>Miks \u00fc\u00fcrida oma korterit kinnisvarab\u00fcroo kaudu?<\/strong><\/p>\n<ul>\n<li>Korteri\u00fc\u00fcrniku otsingu teenus on TASUTA!\n<\/li>\n<li>\u00dc\u00fcrilepingu koostamine.\n<\/li>\n<li>\u00dc\u00fcrniku poolt tasutud lepingutasu on t\u00e4iendavaks garantiiks uue \u00fc\u00fcrniku maksev\u00f5imest!\n<\/li>\n<li>Enne lepingu allkirjastamist kontrollime p\u00f5hjalikult \u00fc\u00fcrniku tausta, dokumente ja tegevust, kasutades selleks erinevaid allikaid ja krediidiinfot.<br \/>\nV\u00e4himagi kahtlase teabe saamisel teavitame sellest kohe omanikku ja vajadusel soovitame lepingut mitte s\u00f5lmida.<\/li>\n<li>Te ei pea kartma, et maaklerile tuleb teie kinnisvara meelde alles siis, kui ta teie nime oma mobiiltelefoni ekraanil n\u00e4eb \u2013 v\u00f5ite olla kindel, et ta t\u00f5esti teiega pidevalt tegeleb.<\/li>\n<li>Meie eduka t\u00f6\u00f6 saladuseks on maakleri usaldusv\u00e4\u00e4rsus, suurep\u00e4rane suhtlemisoskus ja professionaalne m\u00fc\u00fcgit\u00f6\u00f6.<br \/>\nMe teame eduka m\u00fc\u00fcgi saladust!\n<\/li>\n<li>T\u00e4nu meie lihtsale ja arusaadavale turundusstrateegiale tunneb teie kinnisvara vastu huvi suurem hulk potentsiaalseid kliente.<\/li>\n<li>Meie sihikindel t\u00f6\u00f6 Lasnam\u00e4e kinnisvaraturul aitab kiirelt teie kinnisvara vastu huvi tundvaid kliente leida.\n<\/li>\n<\/ul>\n","protected":false},"excerpt":{"rendered":"<p>K\u00f5ik Lasnam\u00e4e kinnisvaratehingud, aitame m\u00fc\u00fca, osta, \u00fc\u00fcrida korterit v\u00f5i mis tahes \u00e4ripinda. Miks m\u00fc\u00fca oma kinnisvara kinnisvarab\u00fcroo kaudu? Kujutage ette olukorda, kui \u00fchel maakleril on Tallinna erinevates piirkondades ja isegi \u00e4\u00e4relinnas m\u00fc\u00fcgis \u00fcle 100 objekti. See ei r\u00e4\u00e4gi sugugi tema suurest kogemusest ja p\u00e4devusest, vaid kahjuks vastupidisest. Ta tormab \u00fclepeakaela l\u00e4bi ummikute \u00fche kliendi juurest teise juurde, sealjuures mitte midagi j\u00f5udmata. Sellises olukorras inimene &#8230;<\/p>\n","protected":false},"author":1,"featured_media":0,"parent":0,"menu_order":0,"comment_status":"closed","ping_status":"closed","template":"","meta":[],"_links":{"self":[{"href":"https:\/\/www.lasna24.ee\/et\/wp-json\/wp\/v2\/pages\/18171"}],"collection":[{"href":"https:\/\/www.lasna24.ee\/et\/wp-json\/wp\/v2\/pages"}],"about":[{"href":"https:\/\/www.lasna24.ee\/et\/wp-json\/wp\/v2\/types\/page"}],"author":[{"embeddable":true,"href":"https:\/\/www.lasna24.ee\/et\/wp-json\/wp\/v2\/users\/1"}],"replies":[{"embeddable":true,"href":"https:\/\/www.lasna24.ee\/et\/wp-json\/wp\/v2\/comments?post=18171"}],"version-history":[{"count":18,"href":"https:\/\/www.lasna24.ee\/et\/wp-json\/wp\/v2\/pages\/18171\/revisions"}],"predecessor-version":[{"id":18298,"href":"https:\/\/www.lasna24.ee\/et\/wp-json\/wp\/v2\/pages\/18171\/revisions\/18298"}],"wp:attachment":[{"href":"https:\/\/www.lasna24.ee\/et\/wp-json\/wp\/v2\/media?parent=18171"}],"curies":[{"name":"wp","href":"https:\/\/api.w.org\/{rel}","templated":true}]}}