{"id":18107,"date":"2015-02-19T09:48:19","date_gmt":"2015-02-19T09:48:19","guid":{"rendered":"http:\/\/www.lasna24.ee\/et\/contact-us\/"},"modified":"2016-05-18T10:35:24","modified_gmt":"2016-05-18T10:35:24","slug":"kontakt","status":"publish","type":"page","link":"https:\/\/www.lasna24.ee\/et\/kontakt\/","title":{"rendered":"Kontakt"},"content":{"rendered":"<p>[vc_row][vc_column][vc_empty_space height=&#8221;30&#8243;][vc_column_text]Kui soovite et teie kinnisvara leiaks kiirelt ostja v\u00f5i \u00fc\u00fcrniku &#8211; palun v\u00f5tke meiega \u00fchendust!<br \/>\nTulevik soetatakse olevikus.[\/vc_column_text][\/vc_column][\/vc_row]<\/p>\n","protected":false},"excerpt":{"rendered":"<p>[vc_row][vc_column][vc_empty_space height=&#8221;30&#8243;][vc_column_text]Kui soovite et teie kinnisvara leiaks kiirelt ostja v\u00f5i \u00fc\u00fcrniku &#8211; palun v\u00f5tke meiega \u00fchendust! Tulevik soetatakse olevikus.[\/vc_column_text][\/vc_column][\/vc_row]<\/p>\n","protected":false},"author":1,"featured_media":0,"parent":0,"menu_order":0,"comment_status":"open","ping_status":"open","template":"contact_page.php","meta":[],"_links":{"self":[{"href":"https:\/\/www.lasna24.ee\/et\/wp-json\/wp\/v2\/pages\/18107"}],"collection":[{"href":"https:\/\/www.lasna24.ee\/et\/wp-json\/wp\/v2\/pages"}],"about":[{"href":"https:\/\/www.lasna24.ee\/et\/wp-json\/wp\/v2\/types\/page"}],"author":[{"embeddable":true,"href":"https:\/\/www.lasna24.ee\/et\/wp-json\/wp\/v2\/users\/1"}],"replies":[{"embeddable":true,"href":"https:\/\/www.lasna24.ee\/et\/wp-json\/wp\/v2\/comments?post=18107"}],"version-history":[{"count":4,"href":"https:\/\/www.lasna24.ee\/et\/wp-json\/wp\/v2\/pages\/18107\/revisions"}],"predecessor-version":[{"id":18281,"href":"https:\/\/www.lasna24.ee\/et\/wp-json\/wp\/v2\/pages\/18107\/revisions\/18281"}],"wp:attachment":[{"href":"https:\/\/www.lasna24.ee\/et\/wp-json\/wp\/v2\/media?parent=18107"}],"curies":[{"name":"wp","href":"https:\/\/api.w.org\/{rel}","templated":true}]}}