{"id":18101,"date":"2016-05-09T12:31:58","date_gmt":"2016-05-09T12:31:58","guid":{"rendered":"http:\/\/www.lasna24.ee\/et\/?page_id=18101"},"modified":"2016-06-02T21:15:20","modified_gmt":"2016-06-02T21:15:20","slug":"esileht","status":"publish","type":"page","link":"https:\/\/www.lasna24.ee\/et\/","title":{"rendered":"Esileht"},"content":{"rendered":"<h2>\u041aliendid r\u00e4\u00e4givad<\/h2>\n<p>[vc_row_inner][vc_column_inner width=&#8221;1\/2&#8243;] <div class=\"testimonial-container\">     <div class=\"testimonial-image\" style=\"background-image:url(http:\/\/wpresidence.net\/wp-content\/uploads\/2014\/06\/profile-testimonial_2f2e3791e0b9827cb22b95a0df6c53ac.jpg)\"><\/div>     <div class=\"testimonial-text\">P\u00f6\u00f6rdusin Lasna24 kinnisvarab\u00fcroosse, et saada abi oma Lasnam\u00e4e korteri m\u00fc\u00fcgis, nad leidsid mulle ostja v\u00e4ga l\u00fchikese ajaga ja juba n\u00e4dala p\u00e4rast tegime notari juures tehingu. \u00dches\u00f5naga ma ei kahtlegi, et p\u00f6\u00f6rdun nende poole veel, olen v\u00e4ga t\u00e4nulik k\u00f5ige eest, mida nad tegid <\/div>     <div class=\"testimonial-author-line\"><span class=\"testimonial-author\">Olga<\/span>, klient <\/div> <\/div>[\/vc_column_inner][vc_column_inner width=&#8221;1\/2&#8243;] <div class=\"testimonial-container\">     <div class=\"testimonial-image\" style=\"background-image:url(http:\/\/wpresidence.net\/wp-content\/uploads\/2014\/06\/testimonial-11_53f1beda047f1305685726b50e78c1f7.jpg)\"><\/div>     <div class=\"testimonial-text\">Lasna24 meeskond on teinud m\u00e4rkimisv\u00e4\u00e4rse t\u00f6\u00f6, aidates mul osta minu elu esimese korteri. K\u00f5rge teenindustase ja l\u00e4henemine klindile on just see, mida ma otsin mulle sobivas maakleris. Lasna24 meeskond vastas k\u00f5ikidele minu ootustele ning soovitan soojalt neid k\u00f5igile, kellel on k\u00e4sil korteri otsimine.<\/div>     <div class=\"testimonial-author-line\"><span class=\"testimonial-author\">Jekaterina<\/span>, klient <\/div> <\/div>[\/vc_column_inner][\/vc_row_inner]<\/p>\n<style>\n#search_wrapper, #adv-search-header-mobile {\ndisplay: none\n}<\/p>\n<p>.breadcrumb_container {\ndisplay: none !important\n}\n<\/style>\n","protected":false},"excerpt":{"rendered":"<p>\u041aliendid r\u00e4\u00e4givad [vc_row_inner][vc_column_inner width=&#8221;1\/2&#8243;][\/vc_column_inner][vc_column_inner width=&#8221;1\/2&#8243;][\/vc_column_inner][\/vc_row_inner]<\/p>\n","protected":false},"author":1,"featured_media":0,"parent":0,"menu_order":0,"comment_status":"closed","ping_status":"closed","template":"","meta":[],"_links":{"self":[{"href":"https:\/\/www.lasna24.ee\/et\/wp-json\/wp\/v2\/pages\/18101"}],"collection":[{"href":"https:\/\/www.lasna24.ee\/et\/wp-json\/wp\/v2\/pages"}],"about":[{"href":"https:\/\/www.lasna24.ee\/et\/wp-json\/wp\/v2\/types\/page"}],"author":[{"embeddable":true,"href":"https:\/\/www.lasna24.ee\/et\/wp-json\/wp\/v2\/users\/1"}],"replies":[{"embeddable":true,"href":"https:\/\/www.lasna24.ee\/et\/wp-json\/wp\/v2\/comments?post=18101"}],"version-history":[{"count":14,"href":"https:\/\/www.lasna24.ee\/et\/wp-json\/wp\/v2\/pages\/18101\/revisions"}],"predecessor-version":[{"id":18380,"href":"https:\/\/www.lasna24.ee\/et\/wp-json\/wp\/v2\/pages\/18101\/revisions\/18380"}],"wp:attachment":[{"href":"https:\/\/www.lasna24.ee\/et\/wp-json\/wp\/v2\/media?parent=18101"}],"curies":[{"name":"wp","href":"https:\/\/api.w.org\/{rel}","templated":true}]}}